{"id":574,"date":"2022-04-28T12:08:15","date_gmt":"2022-04-28T16:08:15","guid":{"rendered":"https:\/\/fondsinnovexport.com\/?page_id=574"},"modified":"2022-06-07T06:21:32","modified_gmt":"2022-06-07T10:21:32","slug":"sponsors-partners","status":"publish","type":"page","link":"https:\/\/fondsinnovexport.com\/en\/sponsors-partners\/","title":{"rendered":"Sponsors\u00a0&#038; Partners"},"content":{"rendered":"\n<div style=\"height:155px\" aria-hidden=\"true\" class=\"wp-block-spacer is-style-hidden-sm\"><\/div>\n\n\n\n<div class=\"wp-container-4 wp-block-group\">\n<div class=\"wp-container-3 wp-block-columns has-2-columns are-vertically-aligned-top is-style-gap-md\">\n<div class=\"wp-container-1 wp-block-column is-vertically-aligned-top\" style=\"flex-basis:50%\">\n<h1 class=\"has-primary-dark-color has-text-color has-64-font-size\">Sponsors&nbsp;&amp;<br>Partners<\/h1>\n<\/div>\n\n\n\n<div class=\"wp-container-2 wp-block-column is-vertically-aligned-top\">\n<p class=\"is-style-paragraph\">Innovexport Fund regroups 25 seasoned entrepreneurs together with a group of major institutional partners composed of the Quebec Government, represented by Investment Quebec, La Caisse de d\u00e9p\u00f4t et de placement du Qu\u00e9bec fund Espace CDPQ, Desjardins \u2013 Innovatech, the FTQ fund FSTQ and FONDACTION CSN.<\/p>\n\n\n\n<p class=\"is-style-paragraph\">Innovexport Fund also had the financial support from the Economic Development Strategy of the City of Quebec.<\/p>\n<\/div>\n<\/div>\n<\/div>\n\n\n\n<div style=\"height:100px\" aria-hidden=\"true\" class=\"wp-block-spacer is-style-hidden-sm\"><\/div>\n\n\n\n<div class=\"wp-container-8 wp-block-columns has-3-columns alignfull is-style-grid\">\n<div class=\"wp-container-5 wp-block-column has-gray-light-background-color has-background\">\n<figure class=\"wp-block-image aligncenter size-full is-resized\"><a href=\"https:\/\/fondsinnovexport.com\/en\/about\/#g-25\"><img src=\"https:\/\/fondsinnovexport.com\/app\/uploads\/2022\/05\/g-25.png\" alt=\"\" class=\"wp-image-462\" width=\"160\"\/><\/a><\/figure>\n<\/div>\n\n\n\n<div class=\"wp-container-6 wp-block-column\">\n<figure class=\"wp-block-image aligncenter size-full\"><a href=\"https:\/\/www.investquebec.com\/quebec\/en\/financial-products\/smbs-and-large-corporations\/venture-capital-and-investment-funds.html\" target=\"_blank\" rel=\"noopener\"><img loading=\"lazy\" width=\"390\" height=\"84\" src=\"https:\/\/fondsinnovexport.com\/app\/uploads\/2022\/05\/investissement-qc.png\" alt=\"\" class=\"wp-image-486\" srcset=\"https:\/\/fondsinnovexport.com\/app\/uploads\/2022\/05\/investissement-qc.png 390w, https:\/\/fondsinnovexport.com\/app\/uploads\/2022\/05\/investissement-qc-300x65.png 300w\" sizes=\"(max-width: 390px) 100vw, 390px\" \/><\/a><\/figure>\n<\/div>\n\n\n\n<div class=\"wp-container-7 wp-block-column has-gray-light-background-color has-background\">\n<figure class=\"wp-block-image size-full\"><a href=\"https:\/\/espacecdpq.com\/en\" target=\"_blank\" rel=\"noopener\"><img loading=\"lazy\" width=\"374\" height=\"74\" src=\"https:\/\/fondsinnovexport.com\/app\/uploads\/2022\/05\/fonds-espace-cdpq.png\" alt=\"\" class=\"wp-image-484\" srcset=\"https:\/\/fondsinnovexport.com\/app\/uploads\/2022\/05\/fonds-espace-cdpq.png 374w, https:\/\/fondsinnovexport.com\/app\/uploads\/2022\/05\/fonds-espace-cdpq-300x59.png 300w\" sizes=\"(max-width: 374px) 100vw, 374px\" \/><\/a><\/figure>\n<\/div>\n<\/div>\n\n\n\n<div class=\"wp-container-12 wp-block-columns has-3-columns alignfull is-style-grid\">\n<div class=\"wp-container-9 wp-block-column\">\n<figure class=\"wp-block-image aligncenter size-full\"><a href=\"https:\/\/www.desjardins.com\/ca\/\" target=\"_blank\" rel=\"noreferrer noopener\"><img loading=\"lazy\" width=\"345\" height=\"76\" src=\"https:\/\/fondsinnovexport.com\/app\/uploads\/2022\/05\/desjardins.png\" alt=\"\" class=\"wp-image-482\" srcset=\"https:\/\/fondsinnovexport.com\/app\/uploads\/2022\/05\/desjardins.png 345w, https:\/\/fondsinnovexport.com\/app\/uploads\/2022\/05\/desjardins-300x66.png 300w\" sizes=\"(max-width: 345px) 100vw, 345px\" \/><\/a><\/figure>\n<\/div>\n\n\n\n<div class=\"wp-container-10 wp-block-column has-gray-light-background-color has-background\">\n<figure class=\"wp-block-image aligncenter size-full\"><a href=\"https:\/\/www.fondsftq.com\/en\/\" target=\"_blank\" rel=\"noopener\"><img loading=\"lazy\" width=\"322\" height=\"88\" src=\"https:\/\/fondsinnovexport.com\/app\/uploads\/2022\/05\/fonds-solidarite-ftq.png\" alt=\"\" class=\"wp-image-485\" srcset=\"https:\/\/fondsinnovexport.com\/app\/uploads\/2022\/05\/fonds-solidarite-ftq.png 322w, https:\/\/fondsinnovexport.com\/app\/uploads\/2022\/05\/fonds-solidarite-ftq-300x82.png 300w\" sizes=\"(max-width: 322px) 100vw, 322px\" \/><\/a><\/figure>\n<\/div>\n\n\n\n<div class=\"wp-container-11 wp-block-column\">\n<figure class=\"wp-block-image size-full\"><a href=\"https:\/\/www.fondaction.com\/english.php\" target=\"_blank\" rel=\"noopener\"><img loading=\"lazy\" width=\"355\" height=\"71\" src=\"https:\/\/fondsinnovexport.com\/app\/uploads\/2022\/05\/fond-action.png\" alt=\"\" class=\"wp-image-483\" srcset=\"https:\/\/fondsinnovexport.com\/app\/uploads\/2022\/05\/fond-action.png 355w, https:\/\/fondsinnovexport.com\/app\/uploads\/2022\/05\/fond-action-300x60.png 300w\" sizes=\"(max-width: 355px) 100vw, 355px\" \/><\/a><\/figure>\n<\/div>\n<\/div>\n\n\n\n<div class=\"wp-container-16 wp-block-columns has-3-columns alignfull is-style-grid\">\n<div class=\"wp-container-13 wp-block-column has-gray-light-background-color has-background\">\n<figure class=\"wp-block-image aligncenter size-full\"><a href=\"https:\/\/www.ville.quebec.qc.ca\/en\/index.aspx\" target=\"_blank\" rel=\"noreferrer noopener\"><img loading=\"lazy\" width=\"300\" height=\"197\" src=\"https:\/\/fondsinnovexport.com\/app\/uploads\/2022\/06\/VDQ-logo-1.png\" alt=\"\" class=\"wp-image-780\"\/><\/a><\/figure>\n<\/div>\n\n\n\n<div class=\"wp-container-14 wp-block-column has-white-background-color has-background\"><\/div>\n\n\n\n<div class=\"wp-container-15 wp-block-column\"><\/div>\n<\/div>\n","protected":false},"excerpt":{"rendered":"<p>Sponsors&nbsp;&amp;Partners Innovexport Fund regroups 25 seasoned entrepreneurs together with a group of major institutional partners composed of the Quebec Government, represented by Investment Quebec, La Caisse de d\u00e9p\u00f4t et de placement du Qu\u00e9bec fund Espace CDPQ, Desjardins \u2013 Innovatech, the FTQ fund FSTQ and FONDACTION CSN. Innovexport Fund also had the financial support from the &hellip; <a href=\"https:\/\/fondsinnovexport.com\/en\/sponsors-partners\/\">Continued<\/a><\/p>\n","protected":false},"author":1,"featured_media":0,"parent":0,"menu_order":0,"comment_status":"closed","ping_status":"closed","template":"","meta":[],"acf":[],"yoast_head":"<!-- This site is optimized with the Yoast SEO plugin v19.3 - https:\/\/yoast.com\/wordpress\/plugins\/seo\/ -->\n<title>Sponsors\u00a0&amp; Partners - Fonds Innovexport<\/title>\n<meta name=\"robots\" content=\"index, follow, max-snippet:-1, max-image-preview:large, max-video-preview:-1\" \/>\n<link rel=\"canonical\" href=\"https:\/\/fondsinnovexport.com\/en\/sponsors-partners\/\" \/>\n<meta property=\"og:locale\" content=\"en_US\" \/>\n<meta property=\"og:type\" content=\"article\" \/>\n<meta property=\"og:title\" content=\"Sponsors\u00a0&amp; Partners - Fonds Innovexport\" \/>\n<meta property=\"og:description\" content=\"Sponsors&nbsp;&amp;Partners Innovexport Fund regroups 25 seasoned entrepreneurs together with a group of major institutional partners composed of the Quebec Government, represented by Investment Quebec, La Caisse de d\u00e9p\u00f4t et de placement du Qu\u00e9bec fund Espace CDPQ, Desjardins \u2013 Innovatech, the FTQ fund FSTQ and FONDACTION CSN. Innovexport Fund also had the financial support from the &hellip; Continued\" \/>\n<meta property=\"og:url\" content=\"https:\/\/fondsinnovexport.com\/en\/sponsors-partners\/\" \/>\n<meta property=\"og:site_name\" content=\"Fonds Innovexport\" \/>\n<meta property=\"article:modified_time\" content=\"2022-06-07T10:21:32+00:00\" \/>\n<meta property=\"og:image\" content=\"https:\/\/fondsinnovexport.com\/app\/uploads\/2022\/05\/g-25.png\" \/>\n<meta name=\"twitter:card\" content=\"summary_large_image\" \/>\n<meta name=\"twitter:label1\" content=\"Est. reading time\" \/>\n\t<meta name=\"twitter:data1\" content=\"2 minutes\" \/>\n<script type=\"application\/ld+json\" class=\"yoast-schema-graph\">{\"@context\":\"https:\/\/schema.org\",\"@graph\":[{\"@type\":\"Organization\",\"@id\":\"https:\/\/fondsinnovexport.com\/en\/#organization\",\"name\":\"Fonds Innovexport\",\"url\":\"https:\/\/fondsinnovexport.com\/en\/\",\"sameAs\":[\"https:\/\/www.linkedin.com\/company\/fonds-innovexport\/\"],\"logo\":{\"@type\":\"ImageObject\",\"inLanguage\":\"en-US\",\"@id\":\"https:\/\/fondsinnovexport.com\/en\/#\/schema\/logo\/image\/\",\"url\":\"https:\/\/fondsinnovexport.com\/app\/uploads\/2022\/04\/logo-fonds-innovexport.svg\",\"contentUrl\":\"https:\/\/fondsinnovexport.com\/app\/uploads\/2022\/04\/logo-fonds-innovexport.svg\",\"width\":280,\"height\":69,\"caption\":\"Fonds Innovexport\"},\"image\":{\"@id\":\"https:\/\/fondsinnovexport.com\/en\/#\/schema\/logo\/image\/\"}},{\"@type\":\"WebSite\",\"@id\":\"https:\/\/fondsinnovexport.com\/en\/#website\",\"url\":\"https:\/\/fondsinnovexport.com\/en\/\",\"name\":\"Fonds Innovexport\",\"description\":\"Supporter le d\u00e9veloppement d\u2019entreprises innovantes au Qu\u00e9be\",\"publisher\":{\"@id\":\"https:\/\/fondsinnovexport.com\/en\/#organization\"},\"potentialAction\":[{\"@type\":\"SearchAction\",\"target\":{\"@type\":\"EntryPoint\",\"urlTemplate\":\"https:\/\/fondsinnovexport.com\/en\/?s={search_term_string}\"},\"query-input\":\"required name=search_term_string\"}],\"inLanguage\":\"en-US\"},{\"@type\":\"ImageObject\",\"inLanguage\":\"en-US\",\"@id\":\"https:\/\/fondsinnovexport.com\/en\/sponsors-partners\/#primaryimage\",\"url\":\"https:\/\/fondsinnovexport.com\/app\/uploads\/2022\/05\/g-25.png\",\"contentUrl\":\"https:\/\/fondsinnovexport.com\/app\/uploads\/2022\/05\/g-25.png\",\"width\":295,\"height\":217},{\"@type\":\"WebPage\",\"@id\":\"https:\/\/fondsinnovexport.com\/en\/sponsors-partners\/\",\"url\":\"https:\/\/fondsinnovexport.com\/en\/sponsors-partners\/\",\"name\":\"Sponsors\u00a0& Partners - Fonds Innovexport\",\"isPartOf\":{\"@id\":\"https:\/\/fondsinnovexport.com\/en\/#website\"},\"primaryImageOfPage\":{\"@id\":\"https:\/\/fondsinnovexport.com\/en\/sponsors-partners\/#primaryimage\"},\"datePublished\":\"2022-04-28T16:08:15+00:00\",\"dateModified\":\"2022-06-07T10:21:32+00:00\",\"breadcrumb\":{\"@id\":\"https:\/\/fondsinnovexport.com\/en\/sponsors-partners\/#breadcrumb\"},\"inLanguage\":\"en-US\",\"potentialAction\":[{\"@type\":\"ReadAction\",\"target\":[\"https:\/\/fondsinnovexport.com\/en\/sponsors-partners\/\"]}]},{\"@type\":\"BreadcrumbList\",\"@id\":\"https:\/\/fondsinnovexport.com\/en\/sponsors-partners\/#breadcrumb\",\"itemListElement\":[{\"@type\":\"ListItem\",\"position\":1,\"name\":\"Accueil\",\"item\":\"https:\/\/fondsinnovexport.com\/en\/\"},{\"@type\":\"ListItem\",\"position\":2,\"name\":\"Sponsors\u00a0&#038; Partners\"}]}]}<\/script>\n<!-- \/ Yoast SEO plugin. -->","yoast_head_json":{"title":"Sponsors\u00a0& Partners - Fonds Innovexport","robots":{"index":"index","follow":"follow","max-snippet":"max-snippet:-1","max-image-preview":"max-image-preview:large","max-video-preview":"max-video-preview:-1"},"canonical":"https:\/\/fondsinnovexport.com\/en\/sponsors-partners\/","og_locale":"en_US","og_type":"article","og_title":"Sponsors\u00a0& Partners - Fonds Innovexport","og_description":"Sponsors&nbsp;&amp;Partners Innovexport Fund regroups 25 seasoned entrepreneurs together with a group of major institutional partners composed of the Quebec Government, represented by Investment Quebec, La Caisse de d\u00e9p\u00f4t et de placement du Qu\u00e9bec fund Espace CDPQ, Desjardins \u2013 Innovatech, the FTQ fund FSTQ and FONDACTION CSN. Innovexport Fund also had the financial support from the &hellip; Continued","og_url":"https:\/\/fondsinnovexport.com\/en\/sponsors-partners\/","og_site_name":"Fonds Innovexport","article_modified_time":"2022-06-07T10:21:32+00:00","og_image":[{"url":"https:\/\/fondsinnovexport.com\/app\/uploads\/2022\/05\/g-25.png"}],"twitter_card":"summary_large_image","twitter_misc":{"Est. reading time":"2 minutes"},"schema":{"@context":"https:\/\/schema.org","@graph":[{"@type":"Organization","@id":"https:\/\/fondsinnovexport.com\/en\/#organization","name":"Fonds Innovexport","url":"https:\/\/fondsinnovexport.com\/en\/","sameAs":["https:\/\/www.linkedin.com\/company\/fonds-innovexport\/"],"logo":{"@type":"ImageObject","inLanguage":"en-US","@id":"https:\/\/fondsinnovexport.com\/en\/#\/schema\/logo\/image\/","url":"https:\/\/fondsinnovexport.com\/app\/uploads\/2022\/04\/logo-fonds-innovexport.svg","contentUrl":"https:\/\/fondsinnovexport.com\/app\/uploads\/2022\/04\/logo-fonds-innovexport.svg","width":280,"height":69,"caption":"Fonds Innovexport"},"image":{"@id":"https:\/\/fondsinnovexport.com\/en\/#\/schema\/logo\/image\/"}},{"@type":"WebSite","@id":"https:\/\/fondsinnovexport.com\/en\/#website","url":"https:\/\/fondsinnovexport.com\/en\/","name":"Fonds Innovexport","description":"Supporter le d\u00e9veloppement d\u2019entreprises innovantes au Qu\u00e9be","publisher":{"@id":"https:\/\/fondsinnovexport.com\/en\/#organization"},"potentialAction":[{"@type":"SearchAction","target":{"@type":"EntryPoint","urlTemplate":"https:\/\/fondsinnovexport.com\/en\/?s={search_term_string}"},"query-input":"required name=search_term_string"}],"inLanguage":"en-US"},{"@type":"ImageObject","inLanguage":"en-US","@id":"https:\/\/fondsinnovexport.com\/en\/sponsors-partners\/#primaryimage","url":"https:\/\/fondsinnovexport.com\/app\/uploads\/2022\/05\/g-25.png","contentUrl":"https:\/\/fondsinnovexport.com\/app\/uploads\/2022\/05\/g-25.png","width":295,"height":217},{"@type":"WebPage","@id":"https:\/\/fondsinnovexport.com\/en\/sponsors-partners\/","url":"https:\/\/fondsinnovexport.com\/en\/sponsors-partners\/","name":"Sponsors\u00a0& Partners - Fonds Innovexport","isPartOf":{"@id":"https:\/\/fondsinnovexport.com\/en\/#website"},"primaryImageOfPage":{"@id":"https:\/\/fondsinnovexport.com\/en\/sponsors-partners\/#primaryimage"},"datePublished":"2022-04-28T16:08:15+00:00","dateModified":"2022-06-07T10:21:32+00:00","breadcrumb":{"@id":"https:\/\/fondsinnovexport.com\/en\/sponsors-partners\/#breadcrumb"},"inLanguage":"en-US","potentialAction":[{"@type":"ReadAction","target":["https:\/\/fondsinnovexport.com\/en\/sponsors-partners\/"]}]},{"@type":"BreadcrumbList","@id":"https:\/\/fondsinnovexport.com\/en\/sponsors-partners\/#breadcrumb","itemListElement":[{"@type":"ListItem","position":1,"name":"Accueil","item":"https:\/\/fondsinnovexport.com\/en\/"},{"@type":"ListItem","position":2,"name":"Sponsors\u00a0&#038; Partners"}]}]}},"_links":{"self":[{"href":"https:\/\/fondsinnovexport.com\/en\/wp-json\/wp\/v2\/pages\/574"}],"collection":[{"href":"https:\/\/fondsinnovexport.com\/en\/wp-json\/wp\/v2\/pages"}],"about":[{"href":"https:\/\/fondsinnovexport.com\/en\/wp-json\/wp\/v2\/types\/page"}],"author":[{"embeddable":true,"href":"https:\/\/fondsinnovexport.com\/en\/wp-json\/wp\/v2\/users\/1"}],"replies":[{"embeddable":true,"href":"https:\/\/fondsinnovexport.com\/en\/wp-json\/wp\/v2\/comments?post=574"}],"version-history":[{"count":0,"href":"https:\/\/fondsinnovexport.com\/en\/wp-json\/wp\/v2\/pages\/574\/revisions"}],"wp:attachment":[{"href":"https:\/\/fondsinnovexport.com\/en\/wp-json\/wp\/v2\/media?parent=574"}],"curies":[{"name":"wp","href":"https:\/\/api.w.org\/{rel}","templated":true}]}}